{"id":1482,"date":"2016-01-19T16:40:09","date_gmt":"2016-01-19T16:40:09","guid":{"rendered":"http:\/\/anpsthemes.com\/construction\/?page_id=1482"},"modified":"2025-11-24T15:31:35","modified_gmt":"2025-11-24T15:31:35","slug":"iletisim","status":"publish","type":"page","link":"https:\/\/www.steaseals.com\/eng\/iletisim\/","title":{"rendered":"Meet Our Products \/ Let Us Help WIth The SolutIon"},"content":{"rendered":"<div class=\"wpb-content-wrapper\"><p>[vc_row][vc_column width=&#8221;1\/2&#8243; offset=&#8221;vc_hidden-sm vc_hidden-xs&#8221;]<h3 class='heading-middle  style-1' ><span>SEL\u00c7UKLU \u0130\u015e MERKEZ\u0130<\/span><\/h3><h3 class='heading-middle  style-1' ><span>Tuna Mah. Sanat Cad. No:17\/105 \u00c7amdibi Bornova \/ \u0130ZM\u0130R \/ TURKEY<\/span><\/h3>[vc_btn title=&#8221;EXPORT DEPARTMENT&#8221; shape=&#8221;square&#8221; color=&#8221;sky&#8221; size=&#8221;lg&#8221; align=&#8221;center&#8221; i_icon_fontawesome=&#8221;fas fa-globe-americas&#8221; css=&#8221;&#8221; button_block=&#8221;true&#8221; add_icon=&#8221;true&#8221;]<h2 class='heading-middle  style-1' ><span><a href=\"mailto:info@steaseals.com\">info@steaseals.com<\/a><\/span><\/h2><h2 class='heading-middle  style-1' ><span><a href=\"https:\/\/wa.me\/905323608440\" target=\"_blank\" rel=\"noopener\"> <img decoding=\"async\" style=\"width: 40px; height: 40px;\" src=\"https:\/\/upload.wikimedia.org\/wikipedia\/commons\/6\/6b\/WhatsApp.svg\" alt=\"WhatsApp Icon\" \/> <\/a> <a style=\"color: black; text-decoration: none;\" href=\"https:\/\/wa.me\/905323608440\" target=\"_blank\" rel=\"noopener\"> +905323608440<\/a><\/span><\/h2><h2 class='heading-middle  style-1' ><span><a href=\"mailto:levent@steaseals.com\">levent@steaseals.com<\/a><\/span><\/h2><h2 class='heading-middle  style-1' ><span><a href=\"https:\/\/wa.me\/905359452654\" target=\"_blank\" rel=\"noopener\"> <img decoding=\"async\" style=\"width: 40px; height: 40px;\" src=\"https:\/\/upload.wikimedia.org\/wikipedia\/commons\/6\/6b\/WhatsApp.svg\" alt=\"WhatsApp Icon\" \/> <\/a> <a style=\"color: black; text-decoration: none;\" href=\"https:\/\/wa.me\/905359452654\" target=\"_blank\" rel=\"noopener\"> +905359452654 <\/a><\/span><\/h2><h2 class='heading-middle  style-1' ><span><a href=\"mailto:saliha@steaseals.com\">saliha@steaseals.com<\/a><\/span><\/h2><h2 class='heading-middle  style-1' ><span><a href=\"https:\/\/wa.me\/905376618522\" target=\"_blank\" rel=\"noopener\"> <img decoding=\"async\" style=\"width: 40px; height: 40px;\" src=\"https:\/\/upload.wikimedia.org\/wikipedia\/commons\/6\/6b\/WhatsApp.svg\" alt=\"WhatsApp Icon\" \/><\/a><a style=\"color: black; text-decoration: none;\" href=\"https:\/\/wa.me\/905376618522\" target=\"_blank\" rel=\"noopener\"> +905376618522 <\/a><\/span><\/h2>[\/vc_column][vc_column width=&#8221;1\/2&#8243; offset=&#8221;vc_hidden-xs&#8221;][vc_raw_html css=&#8221;&#8221;]JTNDaWZyYW1lJTIwc3JjJTNEJTIyaHR0cHMlM0ElMkYlMkZ3d3cuZ29vZ2xlLmNvbSUyRm1hcHMlMkZlbWJlZCUzRnBiJTNEJTIxMW0xOCUyMTFtMTIlMjExbTMlMjExZDEyODAyNDIzLjQ0NzAxMjU5MiUyMTJkMTYuNjM2MzQ0NTI2NjI2NDY2JTIxM2QzOC40Mjc4MDA1NzQxNTc4MSUyMTJtMyUyMTFmMCUyMTJmMCUyMTNmMCUyMTNtMiUyMTFpMTAyNCUyMTJpNzY4JTIxNGYxMy4xJTIxM20zJTIxMW0yJTIxMXMweDE0Yjk2MzEwZDZmODQwMzMlMjUzQTB4Zjg2ZDBhYTY4NDhlZDFhMiUyMTJ6VTFSRlFTREVzRTVQVmtGVFdVOU9JRk5CVGtGWnhMQWdWa1VnVk1Td1EwRlNSVlFnVE1Td1RjU3dWRVZFSU1XZXhMQlNTMFZVeExBJTIxNWUwJTIxM20yJTIxMXN0ciUyMTJzdHIlMjE0djE3NjM4MTgyMDY3ODIlMjE1bTIlMjExc3RyJTIxMnN0ciUyMiUyMHdpZHRoJTNEJTIyNjAwJTIyJTIwaGVpZ2h0JTNEJTIyNTUwJTIyJTIwc3R5bGUlM0QlMjJib3JkZXIlM0EwJTNCJTIyJTIwYWxsb3dmdWxsc2NyZWVuJTNEJTIyJTIyJTIwbG9hZGluZyUzRCUyMmxhenklMjIlMjByZWZlcnJlcnBvbGljeSUzRCUyMm5vLXJlZmVycmVyLXdoZW4tZG93bmdyYWRlJTIyJTNFJTNDJTJGaWZyYW1lJTNF[\/vc_raw_html][\/vc_column][\/vc_row][vc_row content_placement=&#8221;middle&#8221;][vc_column offset=&#8221;vc_hidden-lg vc_hidden-md&#8221;]<h3 class='heading-middle  style-1' ><span>SEL\u00c7UKLU \u0130\u015e MERKEZ\u0130<\/span><\/h3><h3 class='heading-middle  style-1' ><span>Tuna Mah. Sanat Cad. No:17\/105 \u00c7amdibi Bornova \/ \u0130ZM\u0130R \/ TURKEY<\/span><\/h3>[vc_raw_html css=&#8221;&#8221;]JTNDaWZyYW1lJTIwc3JjJTNEJTIyaHR0cHMlM0ElMkYlMkZ3d3cuZ29vZ2xlLmNvbSUyRm1hcHMlMkZlbWJlZCUzRnBiJTNEJTIxMW0xOCUyMTFtMTIlMjExbTMlMjExZDEyODAyNDIzLjQ0NzAxMjU5MiUyMTJkMTYuNjM2MzQ0NTI2NjI2NDY2JTIxM2QzOC40Mjc4MDA1NzQxNTc4MSUyMTJtMyUyMTFmMCUyMTJmMCUyMTNmMCUyMTNtMiUyMTFpMTAyNCUyMTJpNzY4JTIxNGYxMy4xJTIxM20zJTIxMW0yJTIxMXMweDE0Yjk2MzEwZDZmODQwMzMlMjUzQTB4Zjg2ZDBhYTY4NDhlZDFhMiUyMTJ6VTFSRlFTREVzRTVQVmtGVFdVOU9JRk5CVGtGWnhMQWdWa1VnVk1Td1EwRlNSVlFnVE1Td1RjU3dWRVZFSU1XZXhMQlNTMFZVeExBJTIxNWUwJTIxM20yJTIxMXN0ciUyMTJzdHIlMjE0djE3NjM4MTgyMDY3ODIlMjE1bTIlMjExc3RyJTIxMnN0ciUyMiUyMHdpZHRoJTNEJTIyMzUwJTIyJTIwaGVpZ2h0JTNEJTIyMzUwJTIyJTIwc3R5bGUlM0QlMjJib3JkZXIlM0EwJTNCJTIyJTIwYWxsb3dmdWxsc2NyZWVuJTNEJTIyJTIyJTIwbG9hZGluZyUzRCUyMmxhenklMjIlMjByZWZlcnJlcnBvbGljeSUzRCUyMm5vLXJlZmVycmVyLXdoZW4tZG93bmdyYWRlJTIyJTNFJTNDJTJGaWZyYW1lJTNF[\/vc_raw_html][vc_btn title=&#8221;EXPORT DEPARTMENT&#8221; shape=&#8221;square&#8221; color=&#8221;sky&#8221; size=&#8221;lg&#8221; align=&#8221;center&#8221; i_icon_fontawesome=&#8221;fas fa-globe-americas&#8221; css=&#8221;&#8221; button_block=&#8221;true&#8221; add_icon=&#8221;true&#8221;]<h3 class='heading-content  style-1' ><span><a href=\"mailto:levent@steaseals.com\">levent@steaseals.com<\/a><\/span><\/h3><h3 class='heading-content  style-1' ><span><a href=\"https:\/\/wa.me\/905359452654\" target=\"_blank\" rel=\"noopener\"> <img decoding=\"async\" style=\"width: 40px; height: 40px;\" src=\"https:\/\/upload.wikimedia.org\/wikipedia\/commons\/6\/6b\/WhatsApp.svg\" alt=\"WhatsApp Icon\" \/> <\/a><a style=\"color: black; text-decoration: none;\" href=\"https:\/\/wa.me\/905359452654\" target=\"_blank\" rel=\"noopener\"> +905359452654 <\/a><\/span><\/h3><h3 class='heading-content  style-1' ><span><a href=\"mailto:saliha@steaseals.com\">saliha@steaseals.com<\/a><\/span><\/h3><h3 class='heading-content  style-1' ><span><a href=\"https:\/\/wa.me\/905376618522\" target=\"_blank\" rel=\"noopener\"> <img decoding=\"async\" style=\"width: 40px; height: 40px;\" src=\"https:\/\/upload.wikimedia.org\/wikipedia\/commons\/6\/6b\/WhatsApp.svg\" alt=\"WhatsApp Icon\" \/> <\/a><a style=\"color: black; text-decoration: none;\" href=\"https:\/\/wa.me\/905376618522\" target=\"_blank\" rel=\"noopener\"> +905376618522 <\/a><\/span><\/h3>[\/vc_column][\/vc_row][vc_row equal_height=&#8221;yes&#8221;][vc_column][vc_column_text][\/vc_column_text][\/vc_column][\/vc_row][vc_row full_width=&#8221;stretch_row&#8221; equal_height=&#8221;yes&#8221; el_class=&#8221;no-bottom-padding-row&#8221; css=&#8221;.vc_custom_1763816568964{background-color: #fc9732 !important;}&#8221;][vc_column css=&#8221;.vc_custom_1453297229659{padding-top: 0px !important;}&#8221;]<div class=\"download\"><div class='download-content text-uppercase' style='color: #ffffff'>MAKE SURE TO CHECK OUT OUR EXTENSIVE CATALOG BEFORE DECIDING !<\/div><a target='_blank' href='https:\/\/www.steaseals.com\/katalog.pdf' class='btn btn-md btn-dark btn-shadow'>Download<\/a><\/div>[\/vc_column][\/vc_row]<\/p>\n<\/div>","protected":false},"excerpt":{"rendered":"<p>[vc_row][vc_column width=&#8221;1\/2&#8243; offset=&#8221;vc_hidden-sm vc_hidden-xs&#8221;][vc_btn title=&#8221;EXPORT DEPARTMENT&#8221; shape=&#8221;square&#8221; color=&#8221;sky&#8221; size=&#8221;lg&#8221; align=&#8221;center&#8221; i_icon_fontawesome=&#8221;fas fa-globe-americas&#8221; css=&#8221;&#8221; button_block=&#8221;true&#8221; add_icon=&#8221;true&#8221;][\/vc_column][vc_column width=&#8221;1\/2&#8243; offset=&#8221;vc_hidden-xs&#8221;][vc_raw_html css=&#8221;&#8221;]JTNDaWZyYW1lJTIwc3JjJTNEJTIyaHR0cHMlM0ElMkYlMkZ3d3cuZ29vZ2xlLmNvbSUyRm1hcHMlMkZlbWJlZCUzRnBiJTNEJTIxMW0xOCUyMTFtMTIlMjExbTMlMjExZDEyODAyNDIzLjQ0NzAxMjU5MiUyMTJkMTYuNjM2MzQ0NTI2NjI2NDY2JTIxM2QzOC40Mjc4MDA1NzQxNTc4MSUyMTJtMyUyMTFmMCUyMTJmMCUyMTNmMCUyMTNtMiUyMTFpMTAyNCUyMTJpNzY4JTIxNGYxMy4xJTIxM20zJTIxMW0yJTIxMXMweDE0Yjk2MzEwZDZmODQwMzMlMjUzQTB4Zjg2ZDBhYTY4NDhlZDFhMiUyMTJ6VTFSRlFTREVzRTVQVmtGVFdVOU9JRk5CVGtGWnhMQWdWa1VnVk1Td1EwRlNSVlFnVE1Td1RjU3dWRVZFSU1XZXhMQlNTMFZVeExBJTIxNWUwJTIxM20yJTIxMXN0ciUyMTJzdHIlMjE0djE3NjM4MTgyMDY3ODIlMjE1bTIlMjExc3RyJTIxMnN0ciUyMiUyMHdpZHRoJTNEJTIyNjAwJTIyJTIwaGVpZ2h0JTNEJTIyNTUwJTIyJTIwc3R5bGUlM0QlMjJib3JkZXIlM0EwJTNCJTIyJTIwYWxsb3dmdWxsc2NyZWVuJTNEJTIyJTIyJTIwbG9hZGluZyUzRCUyMmxhenklMjIlMjByZWZlcnJlcnBvbGljeSUzRCUyMm5vLXJlZmVycmVyLXdoZW4tZG93bmdyYWRlJTIyJTNFJTNDJTJGaWZyYW1lJTNF[\/vc_raw_html][\/vc_column][\/vc_row][vc_row content_placement=&#8221;middle&#8221;][vc_column offset=&#8221;vc_hidden-lg vc_hidden-md&#8221;][vc_raw_html css=&#8221;&#8221;]JTNDaWZyYW1lJTIwc3JjJTNEJTIyaHR0cHMlM0ElMkYlMkZ3d3cuZ29vZ2xlLmNvbSUyRm1hcHMlMkZlbWJlZCUzRnBiJTNEJTIxMW0xOCUyMTFtMTIlMjExbTMlMjExZDEyODAyNDIzLjQ0NzAxMjU5MiUyMTJkMTYuNjM2MzQ0NTI2NjI2NDY2JTIxM2QzOC40Mjc4MDA1NzQxNTc4MSUyMTJtMyUyMTFmMCUyMTJmMCUyMTNmMCUyMTNtMiUyMTFpMTAyNCUyMTJpNzY4JTIxNGYxMy4xJTIxM20zJTIxMW0yJTIxMXMweDE0Yjk2MzEwZDZmODQwMzMlMjUzQTB4Zjg2ZDBhYTY4NDhlZDFhMiUyMTJ6VTFSRlFTREVzRTVQVmtGVFdVOU9JRk5CVGtGWnhMQWdWa1VnVk1Td1EwRlNSVlFnVE1Td1RjU3dWRVZFSU1XZXhMQlNTMFZVeExBJTIxNWUwJTIxM20yJTIxMXN0ciUyMTJzdHIlMjE0djE3NjM4MTgyMDY3ODIlMjE1bTIlMjExc3RyJTIxMnN0ciUyMiUyMHdpZHRoJTNEJTIyMzUwJTIyJTIwaGVpZ2h0JTNEJTIyMzUwJTIyJTIwc3R5bGUlM0QlMjJib3JkZXIlM0EwJTNCJTIyJTIwYWxsb3dmdWxsc2NyZWVuJTNEJTIyJTIyJTIwbG9hZGluZyUzRCUyMmxhenklMjIlMjByZWZlcnJlcnBvbGljeSUzRCUyMm5vLXJlZmVycmVyLXdoZW4tZG93bmdyYWRlJTIyJTNFJTNDJTJGaWZyYW1lJTNF[\/vc_raw_html][vc_btn title=&#8221;EXPORT DEPARTMENT&#8221; shape=&#8221;square&#8221; color=&#8221;sky&#8221; size=&#8221;lg&#8221; align=&#8221;center&#8221; i_icon_fontawesome=&#8221;fas fa-globe-americas&#8221; css=&#8221;&#8221; button_block=&#8221;true&#8221; add_icon=&#8221;true&#8221;][\/vc_column][\/vc_row][vc_row equal_height=&#8221;yes&#8221;][vc_column][vc_column_text][\/vc_column_text][\/vc_column][\/vc_row][vc_row full_width=&#8221;stretch_row&#8221; equal_height=&#8221;yes&#8221; el_class=&#8221;no-bottom-padding-row&#8221; css=&#8221;.vc_custom_1763816568964{background-color: #fc9732 !important;}&#8221;][vc_column &hellip;<\/p>\n","protected":false},"author":1,"featured_media":0,"parent":0,"menu_order":0,"comment_status":"closed","ping_status":"closed","template":"","meta":{"footnotes":""},"class_list":["post-1482","page","type-page","status-publish","hentry"],"_links":{"self":[{"href":"https:\/\/www.steaseals.com\/eng\/wp-json\/wp\/v2\/pages\/1482"}],"collection":[{"href":"https:\/\/www.steaseals.com\/eng\/wp-json\/wp\/v2\/pages"}],"about":[{"href":"https:\/\/www.steaseals.com\/eng\/wp-json\/wp\/v2\/types\/page"}],"author":[{"embeddable":true,"href":"https:\/\/www.steaseals.com\/eng\/wp-json\/wp\/v2\/users\/1"}],"replies":[{"embeddable":true,"href":"https:\/\/www.steaseals.com\/eng\/wp-json\/wp\/v2\/comments?post=1482"}],"version-history":[{"count":62,"href":"https:\/\/www.steaseals.com\/eng\/wp-json\/wp\/v2\/pages\/1482\/revisions"}],"predecessor-version":[{"id":2524,"href":"https:\/\/www.steaseals.com\/eng\/wp-json\/wp\/v2\/pages\/1482\/revisions\/2524"}],"wp:attachment":[{"href":"https:\/\/www.steaseals.com\/eng\/wp-json\/wp\/v2\/media?parent=1482"}],"curies":[{"name":"wp","href":"https:\/\/api.w.org\/{rel}","templated":true}]}}