{"id":2369,"date":"2025-01-28T08:54:37","date_gmt":"2025-01-28T08:54:37","guid":{"rendered":"http:\/\/www.steaseals.com\/eng\/?page_id=2369"},"modified":"2026-03-18T10:43:05","modified_gmt":"2026-03-18T10:43:05","slug":"danismanlik","status":"publish","type":"page","link":"https:\/\/www.steaseals.com\/eng\/danismanlik\/","title":{"rendered":"CONSULTING"},"content":{"rendered":"<div class=\"wpb-content-wrapper\"><p>[vc_row css=&#8221;.vc_custom_1453476669810{margin-bottom: 15px !important;}&#8221;][vc_column][vc_single_image image=&#8221;2373&#8243; img_size=&#8221;full&#8221; alignment=&#8221;center&#8221; css=&#8221;&#8221;][\/vc_column][\/vc_row][vc_row][vc_column][vc_custom_heading text=&#8221;DANI\u015eMANLIK H\u0130ZMETLER\u0130M\u0130Z&#8221; use_theme_fonts=&#8221;yes&#8221; css=&#8221;&#8221; el_class=&#8221;title&#8221;][vc_separator css=&#8221;&#8221;][vc_column_text css=&#8221;&#8221;]EXECUT\u0130VE COACH\u0130NG:<\/p>\n<p>Liderlerin ve y\u00f6neticilerin profesyonel geli\u015fimini desteklemek amac\u0131yla yap\u0131lan ,birebir veya grup ko\u00e7luk s\u00fcre\u00e7leridir. Y\u00f6netici ko\u00e7lu\u011fu, liderlik becerilerini geli\u015ftirmek, performans\u0131 art\u0131rmak, karar alma s\u00fcre\u00e7lerini iyile\u015ftirmek ve organizasyonel hedeflere ula\u015fmada y\u00f6neticilere rehberlik etmek i\u00e7in kullan\u0131l\u0131r.<\/p>\n<p>&nbsp;<\/p>\n<p>LEADERSH\u0130P COACH\u0130NG:<\/p>\n<p>Liderlerin stratejik d\u00fc\u015f\u00fcnme bi\u00e7imlerini geli\u015ftiren, ileti\u015fim ve etkile\u015fim yetkinliklerini art\u0131rmalar\u0131n\u0131, zor kararlar\u0131 daha bilin\u00e7li ve \u00f6zg\u00fcvenle almalar\u0131n\u0131,ekip y\u00f6netimi ve i\u015fbirli\u011fi yeteneklerini g\u00fc\u00e7lendirmelerini, de\u011fi\u015fim y\u00f6netimi ve uyum sa\u011flama \u00a0kabiliyetlerini art\u0131rmalar\u0131n\u0131 destekleyen bir geli\u015fim s\u00fcrecidir.<\/p>\n<p>&nbsp;<\/p>\n<p>TEAM COACH\u0130NG:<\/p>\n<p>Bir tak\u0131m\u0131n performans\u0131n\u0131 art\u0131rmak, etkili ileti\u015fim kurmas\u0131n\u0131 sa\u011flamak\u00a0 ve ortak hedeflere ula\u015fmas\u0131n\u0131 desteklemek amac\u0131yla yap\u0131lan profesyonel bir rehberlik s\u00fcrecidir. Bu s\u00fcre\u00e7te tak\u0131m\u0131n i\u015f birli\u011fi, uyumu, hedefe ula\u015fmas\u0131 ve verimi \u00fczerine \u00e7al\u0131\u015f\u0131r.<\/p>\n<p>MENTOR\u00a0\u00a0\u00a0\u00a0 :<\/p>\n<p>\u0130\u015f d\u00fcnyas\u0131nda ,akademik hayatta, ki\u015fisel geli\u015fimde ve \u00e7e\u015fitli alanlarda \u00a0ki\u015fi ve kurumlara\u00a0 rehberlik eder ,deneyimlerini payla\u015f\u0131r, teknik ve ki\u015fisel becerileri geli\u015ftirir, motivasyon ve ilham verir.<\/p>\n<p>&nbsp;<\/p>\n<p>Y\u00d6NET\u0130C\u0130 YETK\u0130NL\u0130K GEL\u0130\u015eT\u0130RME PRO\u011eRAMI:<\/p>\n<p>\u2018Liderlikte M\u00fckemmelli\u011fe Yolculuk \u2018 mottosuyla ; gelece\u011fin liderlerini \u015fekillendirmek, stratejik y\u00f6netim, modern liderlik, kriz y\u00f6netimi, uluslararas\u0131 ticaret k\u00fclt\u00fcr\u00fc, organizasyonel yap\u0131 analizi, liderlik de\u011ferlendirme ve geli\u015fim plan\u0131, hitabet etkili ileti\u015fim, i\u015f-protokol bilgisi ve diksiyon e\u011fitimleri \u00a0de dahil olmak \u00fczere y\u00f6neticiyi markala\u015ft\u0131rmay\u0131 hedefler.<\/p>\n<p>&nbsp;<\/p>\n<p>&nbsp;<\/p>\n<p>[\/vc_column_text][\/vc_column][\/vc_row]<\/p>\n<\/div>","protected":false},"excerpt":{"rendered":"<p>[vc_row css=&#8221;.vc_custom_1453476669810{margin-bottom: 15px !important;}&#8221;][vc_column][vc_single_image image=&#8221;2373&#8243; img_size=&#8221;full&#8221; alignment=&#8221;center&#8221; css=&#8221;&#8221;][\/vc_column][\/vc_row][vc_row][vc_column][vc_custom_heading text=&#8221;DANI\u015eMANLIK H\u0130ZMETLER\u0130M\u0130Z&#8221; use_theme_fonts=&#8221;yes&#8221; css=&#8221;&#8221; el_class=&#8221;title&#8221;][vc_separator css=&#8221;&#8221;][vc_column_text css=&#8221;&#8221;]EXECUT\u0130VE COACH\u0130NG: Liderlerin ve y\u00f6neticilerin profesyonel geli\u015fimini desteklemek amac\u0131yla yap\u0131lan ,birebir veya grup ko\u00e7luk s\u00fcre\u00e7leridir. Y\u00f6netici ko\u00e7lu\u011fu, liderlik becerilerini geli\u015ftirmek, performans\u0131 art\u0131rmak, karar alma s\u00fcre\u00e7lerini iyile\u015ftirmek &hellip;<\/p>\n","protected":false},"author":1,"featured_media":0,"parent":0,"menu_order":0,"comment_status":"closed","ping_status":"closed","template":"","meta":{"footnotes":""},"class_list":["post-2369","page","type-page","status-publish","hentry"],"_links":{"self":[{"href":"https:\/\/www.steaseals.com\/eng\/wp-json\/wp\/v2\/pages\/2369"}],"collection":[{"href":"https:\/\/www.steaseals.com\/eng\/wp-json\/wp\/v2\/pages"}],"about":[{"href":"https:\/\/www.steaseals.com\/eng\/wp-json\/wp\/v2\/types\/page"}],"author":[{"embeddable":true,"href":"https:\/\/www.steaseals.com\/eng\/wp-json\/wp\/v2\/users\/1"}],"replies":[{"embeddable":true,"href":"https:\/\/www.steaseals.com\/eng\/wp-json\/wp\/v2\/comments?post=2369"}],"version-history":[{"count":19,"href":"https:\/\/www.steaseals.com\/eng\/wp-json\/wp\/v2\/pages\/2369\/revisions"}],"predecessor-version":[{"id":2528,"href":"https:\/\/www.steaseals.com\/eng\/wp-json\/wp\/v2\/pages\/2369\/revisions\/2528"}],"wp:attachment":[{"href":"https:\/\/www.steaseals.com\/eng\/wp-json\/wp\/v2\/media?parent=2369"}],"curies":[{"name":"wp","href":"https:\/\/api.w.org\/{rel}","templated":true}]}}